{"id":10099,"date":"2022-04-14T21:56:48","date_gmt":"2022-04-15T01:56:48","guid":{"rendered":"https:\/\/giras.bancaeticalat.com\/?post_type=product&#038;p=10099"},"modified":"2022-04-14T22:47:55","modified_gmt":"2022-04-15T02:47:55","slug":"taller-dinero-y-conciencia-hacia-una-renovacion-social-colombia","status":"publish","type":"product","link":"https:\/\/giras.belat.com\/pt\/curso\/taller-dinero-y-conciencia-hacia-una-renovacion-social-colombia\/","title":{"rendered":"Taller Dinero y Conciencia: Hacia una renovaci\u00f3n social &#8211; Colombia"},"content":{"rendered":"","protected":false},"excerpt":{"rendered":"<p><span style=\"font-weight: 400;\">Para finalizar tu inscripci\u00f3n en el taller de fin de semana con Joan Mel\u00e9, te solicitamos hacer un aporte de 20 USD (75,000 COP), que ser\u00e1 recibido por la Fundaci\u00f3n Dinero y Conciencia, encargada de promover la Banca \u00c9tica Latinoamericana.<\/span><\/p>\n<p><span style=\"font-weight: 400;\">Para hacer efectivo el pago utilizaremos la plataforma PayPal, que permite utilizar tarjetas de d\u00e9bito y cr\u00e9dito locales.<\/span><\/p>\n<p><span style=\"font-weight: 400;\">Este taller tiene un descuento especial, ya que la Escuela Isolda Echavarr\u00eda es sponsor, asumiendo la mayor\u00eda de los gastos (el aporte individual de 20 USD refleja un 25% del aporte habitual).<\/span><\/p>\n<p><span style=\"font-weight: 400;\">Ante cualquier consulta, puedes escribirnos a\u00a0 <\/span><a href=\"mailto:formacion@bancaeticalat.com\"><span style=\"font-weight: 400;\">formacion@bancaeticalat.com<\/span><\/a><\/p>","protected":false},"featured_media":6869,"template":"","meta":[],"product_brand":[],"product_cat":[29,25],"product_tag":[],"class_list":{"0":"post-10099","1":"product","2":"type-product","3":"status-publish","4":"has-post-thumbnail","6":"product_cat-colombia","7":"product_cat-gira","9":"first","10":"instock","11":"shipping-taxable","12":"purchasable","13":"product-type-simple"},"_links":{"self":[{"href":"https:\/\/giras.belat.com\/pt\/wp-json\/wp\/v2\/product\/10099","targetHints":{"allow":["GET"]}}],"collection":[{"href":"https:\/\/giras.belat.com\/pt\/wp-json\/wp\/v2\/product"}],"about":[{"href":"https:\/\/giras.belat.com\/pt\/wp-json\/wp\/v2\/types\/product"}],"version-history":[{"count":0,"href":"https:\/\/giras.belat.com\/pt\/wp-json\/wp\/v2\/product\/10099\/revisions"}],"wp:featuredmedia":[{"embeddable":true,"href":"https:\/\/giras.belat.com\/pt\/wp-json\/wp\/v2\/media\/6869"}],"wp:attachment":[{"href":"https:\/\/giras.belat.com\/pt\/wp-json\/wp\/v2\/media?parent=10099"}],"wp:term":[{"taxonomy":"product_brand","embeddable":true,"href":"https:\/\/giras.belat.com\/pt\/wp-json\/wp\/v2\/product_brand?post=10099"},{"taxonomy":"product_cat","embeddable":true,"href":"https:\/\/giras.belat.com\/pt\/wp-json\/wp\/v2\/product_cat?post=10099"},{"taxonomy":"product_tag","embeddable":true,"href":"https:\/\/giras.belat.com\/pt\/wp-json\/wp\/v2\/product_tag?post=10099"}],"curies":[{"name":"wp","href":"https:\/\/api.w.org\/{rel}","templated":true}]}}