{"id":10103,"date":"2022-04-14T22:46:28","date_gmt":"2022-04-15T02:46:28","guid":{"rendered":"https:\/\/giras.bancaeticalat.com\/?post_type=product&#038;p=10103"},"modified":"2022-04-14T22:47:22","modified_gmt":"2022-04-15T02:47:22","slug":"taller-dinero-y-conciencia-hacia-una-renovacion-social-lima","status":"publish","type":"product","link":"https:\/\/giras.belat.com\/pt\/curso\/taller-dinero-y-conciencia-hacia-una-renovacion-social-lima\/","title":{"rendered":"Taller Dinero y Conciencia: Hacia una renovaci\u00f3n social &#8211; Lima"},"content":{"rendered":"","protected":false},"excerpt":{"rendered":"<p><span style=\"font-weight: 400;\">Para finalizar tu inscripci\u00f3n en el taller de fin de semana con Joan Mel\u00e9, te solicitamos hacer un aporte de 67 USD (S\/250), que ser\u00e1 recibido por la Fundaci\u00f3n Dinero y Conciencia, encargada de promover la Banca \u00c9tica Latinoamericana.<\/span><\/p>\n<p><span style=\"font-weight: 400;\">Para hacer efectivo el pago utilizaremos la plataforma PayPal, que permite utilizar tarjetas de d\u00e9bito y cr\u00e9dito locales.<\/span><\/p>\n<p><span style=\"font-weight: 400;\">No queremos que el dinero sea un impedimento para poder participar.\u00a0 Escr\u00edbenos para hacernos una propuesta econ\u00f3mica si necesitas un descuento.<\/span><\/p>\n<p><span style=\"font-weight: 400;\">Hemos dispuesto un descuento especial para maestros Waldorf. Por favor, escribenos para m\u00e1s informaci\u00f3n.\u00a0<\/span><\/p>\n<p><span style=\"font-weight: 400;\">Mail de contacto:\u00a0 <\/span><a href=\"mailto:formacion@bancaeticalat.com\"><span style=\"font-weight: 400;\">formacion@bancaeticalat.com<\/span><\/a><\/p>","protected":false},"featured_media":6869,"template":"","meta":[],"product_brand":[],"product_cat":[25,28],"product_tag":[],"class_list":{"0":"post-10103","1":"product","2":"type-product","3":"status-publish","4":"has-post-thumbnail","6":"product_cat-gira","7":"product_cat-lima","9":"first","10":"instock","11":"shipping-taxable","12":"purchasable","13":"product-type-simple"},"_links":{"self":[{"href":"https:\/\/giras.belat.com\/pt\/wp-json\/wp\/v2\/product\/10103","targetHints":{"allow":["GET"]}}],"collection":[{"href":"https:\/\/giras.belat.com\/pt\/wp-json\/wp\/v2\/product"}],"about":[{"href":"https:\/\/giras.belat.com\/pt\/wp-json\/wp\/v2\/types\/product"}],"version-history":[{"count":0,"href":"https:\/\/giras.belat.com\/pt\/wp-json\/wp\/v2\/product\/10103\/revisions"}],"wp:featuredmedia":[{"embeddable":true,"href":"https:\/\/giras.belat.com\/pt\/wp-json\/wp\/v2\/media\/6869"}],"wp:attachment":[{"href":"https:\/\/giras.belat.com\/pt\/wp-json\/wp\/v2\/media?parent=10103"}],"wp:term":[{"taxonomy":"product_brand","embeddable":true,"href":"https:\/\/giras.belat.com\/pt\/wp-json\/wp\/v2\/product_brand?post=10103"},{"taxonomy":"product_cat","embeddable":true,"href":"https:\/\/giras.belat.com\/pt\/wp-json\/wp\/v2\/product_cat?post=10103"},{"taxonomy":"product_tag","embeddable":true,"href":"https:\/\/giras.belat.com\/pt\/wp-json\/wp\/v2\/product_tag?post=10103"}],"curies":[{"name":"wp","href":"https:\/\/api.w.org\/{rel}","templated":true}]}}