{"id":10111,"date":"2022-04-14T22:56:32","date_gmt":"2022-04-15T02:56:32","guid":{"rendered":"https:\/\/giras.bancaeticalat.com\/?post_type=product&#038;p=10111"},"modified":"2022-04-25T15:37:38","modified_gmt":"2022-04-25T19:37:38","slug":"taller-el-liderazgo-basado-en-valores-la-empresa-como-agente-de-transformacion-social-lima","status":"publish","type":"product","link":"https:\/\/giras.belat.com\/pt\/curso\/taller-el-liderazgo-basado-en-valores-la-empresa-como-agente-de-transformacion-social-lima\/","title":{"rendered":"Taller \u201cEl liderazgo basado en valores: La empresa como agente de transformaci\u00f3n social\u201d &#8211; Lima"},"content":{"rendered":"","protected":false},"excerpt":{"rendered":"<p><span style=\"font-weight: 400;\">Para finalizar tu inscripci\u00f3n en el taller con Joan Mel\u00e9, te solicitamos hacer un aporte de 50 USD (S\/190), que ser\u00e1 recibido por la Fundaci\u00f3n Dinero y Conciencia, encargada de promover la Banca \u00c9tica Latinoamericana.<\/span><\/p>\n<p><span style=\"font-weight: 400;\">Para hacer efectivo el pago utilizaremos la plataforma PayPal, que permite utilizar tarjetas de d\u00e9bito y cr\u00e9dito locales.<\/span><\/p>\n<p><span style=\"font-weight: 400;\">Ante cualquier consulta, por favor escribir a <\/span><a href=\"mailto:formacion@bancaeticalat.com\"><span style=\"font-weight: 400;\">formacion@bancaeticalat.com<\/span><\/a><span style=\"font-weight: 400;\">.<\/span><\/p>","protected":false},"featured_media":6869,"template":"","meta":[],"product_brand":[],"product_cat":[25,28],"product_tag":[],"class_list":{"0":"post-10111","1":"product","2":"type-product","3":"status-publish","4":"has-post-thumbnail","6":"product_cat-gira","7":"product_cat-lima","9":"first","10":"instock","11":"shipping-taxable","12":"purchasable","13":"product-type-simple"},"_links":{"self":[{"href":"https:\/\/giras.belat.com\/pt\/wp-json\/wp\/v2\/product\/10111","targetHints":{"allow":["GET"]}}],"collection":[{"href":"https:\/\/giras.belat.com\/pt\/wp-json\/wp\/v2\/product"}],"about":[{"href":"https:\/\/giras.belat.com\/pt\/wp-json\/wp\/v2\/types\/product"}],"version-history":[{"count":0,"href":"https:\/\/giras.belat.com\/pt\/wp-json\/wp\/v2\/product\/10111\/revisions"}],"wp:featuredmedia":[{"embeddable":true,"href":"https:\/\/giras.belat.com\/pt\/wp-json\/wp\/v2\/media\/6869"}],"wp:attachment":[{"href":"https:\/\/giras.belat.com\/pt\/wp-json\/wp\/v2\/media?parent=10111"}],"wp:term":[{"taxonomy":"product_brand","embeddable":true,"href":"https:\/\/giras.belat.com\/pt\/wp-json\/wp\/v2\/product_brand?post=10111"},{"taxonomy":"product_cat","embeddable":true,"href":"https:\/\/giras.belat.com\/pt\/wp-json\/wp\/v2\/product_cat?post=10111"},{"taxonomy":"product_tag","embeddable":true,"href":"https:\/\/giras.belat.com\/pt\/wp-json\/wp\/v2\/product_tag?post=10111"}],"curies":[{"name":"wp","href":"https:\/\/api.w.org\/{rel}","templated":true}]}}