{"id":11500,"date":"2022-04-29T11:21:04","date_gmt":"2022-04-29T15:21:04","guid":{"rendered":"https:\/\/giras.bancaeticalat.com\/?post_type=product&#038;p=11500"},"modified":"2022-04-29T11:21:04","modified_gmt":"2022-04-29T15:21:04","slug":"taller-dinero-y-conciencia-hacia-una-renovacion-social-bogota","status":"publish","type":"product","link":"https:\/\/giras.belat.com\/pt\/curso\/taller-dinero-y-conciencia-hacia-una-renovacion-social-bogota\/","title":{"rendered":"Taller Dinero y Conciencia: Hacia una renovaci\u00f3n social &#8211; Bogot\u00e1"},"content":{"rendered":"","protected":false},"excerpt":{"rendered":"<p>Para finalizar tu inscripci\u00f3n en el taller de fin de semana con Joan Mel\u00e9, te solicitamos hacer un aporte de<strong> 50 USD (200,000 COP)<\/strong>, que ser\u00e1 recibido por la Fundaci\u00f3n Dinero y Conciencia, encargada de promover la Banca \u00c9tica Latinoamericana.<\/p>\n<p>Para hacer efectivo el pago utilizaremos la plataforma PayPal, que permite utilizar tarjetas de d\u00e9bito y cr\u00e9dito locales.<\/p>\n<p>Ante cualquier consulta, puedes escribirnos a <strong>formacion@bancaeticalat.com<\/strong><\/p>","protected":false},"featured_media":6869,"template":"","meta":[],"product_brand":[],"product_cat":[29,25],"product_tag":[],"class_list":{"0":"post-11500","1":"product","2":"type-product","3":"status-publish","4":"has-post-thumbnail","6":"product_cat-colombia","7":"product_cat-gira","9":"first","10":"instock","11":"shipping-taxable","12":"purchasable","13":"product-type-simple"},"_links":{"self":[{"href":"https:\/\/giras.belat.com\/pt\/wp-json\/wp\/v2\/product\/11500","targetHints":{"allow":["GET"]}}],"collection":[{"href":"https:\/\/giras.belat.com\/pt\/wp-json\/wp\/v2\/product"}],"about":[{"href":"https:\/\/giras.belat.com\/pt\/wp-json\/wp\/v2\/types\/product"}],"version-history":[{"count":0,"href":"https:\/\/giras.belat.com\/pt\/wp-json\/wp\/v2\/product\/11500\/revisions"}],"wp:featuredmedia":[{"embeddable":true,"href":"https:\/\/giras.belat.com\/pt\/wp-json\/wp\/v2\/media\/6869"}],"wp:attachment":[{"href":"https:\/\/giras.belat.com\/pt\/wp-json\/wp\/v2\/media?parent=11500"}],"wp:term":[{"taxonomy":"product_brand","embeddable":true,"href":"https:\/\/giras.belat.com\/pt\/wp-json\/wp\/v2\/product_brand?post=11500"},{"taxonomy":"product_cat","embeddable":true,"href":"https:\/\/giras.belat.com\/pt\/wp-json\/wp\/v2\/product_cat?post=11500"},{"taxonomy":"product_tag","embeddable":true,"href":"https:\/\/giras.belat.com\/pt\/wp-json\/wp\/v2\/product_tag?post=11500"}],"curies":[{"name":"wp","href":"https:\/\/api.w.org\/{rel}","templated":true}]}}