{"id":12481,"date":"2022-05-18T03:06:09","date_gmt":"2022-05-18T07:06:09","guid":{"rendered":"https:\/\/giras.bancaeticalat.com\/?post_type=product&#038;p=12481"},"modified":"2022-05-18T03:06:09","modified_gmt":"2022-05-18T07:06:09","slug":"charla-una-nueva-economia-basada-en-la-dignidad-humana-el-caso-de-la-banca-etica-queretaro","status":"publish","type":"product","link":"https:\/\/giras.belat.com\/pt\/curso\/charla-una-nueva-economia-basada-en-la-dignidad-humana-el-caso-de-la-banca-etica-queretaro\/","title":{"rendered":"Charla \u201cUna nueva econom\u00eda basada en la dignidad humana: El caso de la banca \u00e9tica\u201d &#8211; Queretaro"},"content":{"rendered":"","protected":false},"excerpt":{"rendered":"<p><span style=\"font-weight: 400;\">Para finalizar tu inscripci\u00f3n en la <\/span><b>charla \u201c Una nueva econom\u00eda basada en la dignidad humana: El caso de la banca \u00e9tica\u201d<\/b><span style=\"font-weight: 400;\">, te solicitamos hacer un aporte de 15 USD (300 MXN), que ser\u00e1 recibido por la Fundaci\u00f3n Dinero y Conciencia, encargada de promover la Banca \u00c9tica Latinoamericana.<\/span><\/p>\n<p><span style=\"font-weight: 400;\">Para hacer efectivo el pago utilizaremos la plataforma PayPal, que permite utilizar tarjetas de d\u00e9bito y cr\u00e9dito locales.\u00a0<\/span><\/p>\n<p><span style=\"font-weight: 400;\">Si prefieres o tienes alg\u00fan problema con PayPal puedes pagar en efectivo el d\u00eda del evento.<\/span><\/p>\n<p><span style=\"font-weight: 400;\">Ante cualquier consulta, por favor escribir a <\/span><a href=\"mailto:formacion@bancaeticalat.com\"><span style=\"font-weight: 400;\">formacion@bancaeticalat.com<\/span><\/a><span style=\"font-weight: 400;\">.<\/span><\/p>","protected":false},"featured_media":6869,"template":"","meta":[],"product_brand":[],"product_cat":[25,30],"product_tag":[],"class_list":{"0":"post-12481","1":"product","2":"type-product","3":"status-publish","4":"has-post-thumbnail","6":"product_cat-gira","7":"product_cat-mexico","9":"first","10":"instock","11":"shipping-taxable","12":"purchasable","13":"product-type-simple"},"_links":{"self":[{"href":"https:\/\/giras.belat.com\/pt\/wp-json\/wp\/v2\/product\/12481","targetHints":{"allow":["GET"]}}],"collection":[{"href":"https:\/\/giras.belat.com\/pt\/wp-json\/wp\/v2\/product"}],"about":[{"href":"https:\/\/giras.belat.com\/pt\/wp-json\/wp\/v2\/types\/product"}],"version-history":[{"count":0,"href":"https:\/\/giras.belat.com\/pt\/wp-json\/wp\/v2\/product\/12481\/revisions"}],"wp:featuredmedia":[{"embeddable":true,"href":"https:\/\/giras.belat.com\/pt\/wp-json\/wp\/v2\/media\/6869"}],"wp:attachment":[{"href":"https:\/\/giras.belat.com\/pt\/wp-json\/wp\/v2\/media?parent=12481"}],"wp:term":[{"taxonomy":"product_brand","embeddable":true,"href":"https:\/\/giras.belat.com\/pt\/wp-json\/wp\/v2\/product_brand?post=12481"},{"taxonomy":"product_cat","embeddable":true,"href":"https:\/\/giras.belat.com\/pt\/wp-json\/wp\/v2\/product_cat?post=12481"},{"taxonomy":"product_tag","embeddable":true,"href":"https:\/\/giras.belat.com\/pt\/wp-json\/wp\/v2\/product_tag?post=12481"}],"curies":[{"name":"wp","href":"https:\/\/api.w.org\/{rel}","templated":true}]}}