{"id":3350,"date":"2021-10-21T15:03:18","date_gmt":"2021-10-21T15:03:18","guid":{"rendered":"https:\/\/formacion.desarrollobelat.cl\/?post_type=product&#038;p=3350"},"modified":"2022-03-04T10:38:15","modified_gmt":"2022-03-04T13:38:15","slug":"curso-fundamentos-para-una-renovacion-social","status":"publish","type":"product","link":"https:\/\/giras.belat.com\/pt\/curso\/curso-fundamentos-para-una-renovacion-social\/","title":{"rendered":"\u00abFundamentos para una renovaci\u00f3n social\u00bb"},"content":{"rendered":"","protected":false},"excerpt":{"rendered":"<p>Para realizar este curso, te solicitamos hacer un aporte de 50 USD, el que ser\u00e1 recibido por la Fundaci\u00f3n Dinero y Conciencia, presidida por Joan Mel\u00e9, encargado de promover la Banca \u00c9tica Latinoamericana.<\/p>\n<p>Esta contribui\u00e7\u00e3o nos permitir\u00e1 realizar estas e muitas outras atividades para gerar uma transforma\u00e7\u00e3o social.<\/p>\n<p>Para hacer efectivo el pago utilizaremos la plataforma PayPal, que permite utilizar tarjetas de d\u00e9bito y cr\u00e9dito locales.<\/p>","protected":false},"featured_media":6869,"template":"","meta":[],"product_brand":[],"product_cat":[15],"product_tag":[],"class_list":{"0":"post-3350","1":"product","2":"type-product","3":"status-publish","4":"has-post-thumbnail","6":"product_cat-sin-categorizar","8":"first","9":"instock","10":"virtual","11":"sold-individually","12":"purchasable","13":"product-type-simple"},"_links":{"self":[{"href":"https:\/\/giras.belat.com\/pt\/wp-json\/wp\/v2\/product\/3350","targetHints":{"allow":["GET"]}}],"collection":[{"href":"https:\/\/giras.belat.com\/pt\/wp-json\/wp\/v2\/product"}],"about":[{"href":"https:\/\/giras.belat.com\/pt\/wp-json\/wp\/v2\/types\/product"}],"version-history":[{"count":0,"href":"https:\/\/giras.belat.com\/pt\/wp-json\/wp\/v2\/product\/3350\/revisions"}],"wp:featuredmedia":[{"embeddable":true,"href":"https:\/\/giras.belat.com\/pt\/wp-json\/wp\/v2\/media\/6869"}],"wp:attachment":[{"href":"https:\/\/giras.belat.com\/pt\/wp-json\/wp\/v2\/media?parent=3350"}],"wp:term":[{"taxonomy":"product_brand","embeddable":true,"href":"https:\/\/giras.belat.com\/pt\/wp-json\/wp\/v2\/product_brand?post=3350"},{"taxonomy":"product_cat","embeddable":true,"href":"https:\/\/giras.belat.com\/pt\/wp-json\/wp\/v2\/product_cat?post=3350"},{"taxonomy":"product_tag","embeddable":true,"href":"https:\/\/giras.belat.com\/pt\/wp-json\/wp\/v2\/product_tag?post=3350"}],"curies":[{"name":"wp","href":"https:\/\/api.w.org\/{rel}","templated":true}]}}