{"id":9603,"date":"2022-04-07T09:14:18","date_gmt":"2022-04-07T13:14:18","guid":{"rendered":"https:\/\/giras.bancaeticalat.com\/?post_type=product&#038;p=9603"},"modified":"2022-04-20T15:22:55","modified_gmt":"2022-04-20T19:22:55","slug":"workshop-dinheiro-e-consciencia-rumo-a-renovacao-social-com-joan-mele-florianopolis","status":"publish","type":"product","link":"https:\/\/giras.belat.com\/pt\/curso\/workshop-dinheiro-e-consciencia-rumo-a-renovacao-social-com-joan-mele-florianopolis\/","title":{"rendered":"Workshop Dinheiro e Consci\u00eancia: Rumo \u00e0 Renova\u00e7\u00e3o Social, com Joan Mel\u00e9 &#8211; Florianopolis"},"content":{"rendered":"","protected":false},"excerpt":{"rendered":"<p><span style=\"font-weight: 400;\">Este workshop \u00e9 oferecido pela Funda\u00e7\u00e3o Dinheiro e Consci\u00eancia, presidido por Joan Mel\u00e9, respons\u00e1vel por promover o uso consciente do dinheiro e o desenvolvimento da Banca \u00c9tica Latinoamericana.<\/span><\/p>\n<p><span style=\"font-weight: 400;\">Solicitamos uma contribui\u00e7\u00e3o livre para este impulso. Ela <\/span><span style=\"font-weight: 400;\">nos permitir\u00e1 realizar estas e outras atividades para gerar uma transforma\u00e7\u00e3o social. Nossa base \u00e9 sustentada atrav\u00e9s de contribui\u00e7\u00f5es volunt\u00e1rias.<\/span><\/p>\n<p><span style=\"font-weight: 400;\">O seu dinheiro faz diferen\u00e7a!<\/span><\/p>\n<p><span style=\"font-weight: 400;\">Para finalizar sua inscri\u00e7\u00e3o, efetue sua contribui\u00e7\u00e3o abaixo. Utilizamos a plataforma Paypal <\/span><b>como primeira op\u00e7\u00e3o de pagamento<\/b><span style=\"font-weight: 400;\">, que aceita cart\u00f5es de cr\u00e9dito e d\u00e9bito. Os valores est\u00e3o em <\/span><b>d\u00f3lar.<\/b><\/p>\n<p><span style=\"font-weight: 400;\">Caso tenha problemas com seu pagamento pelo PayPal, favor efetiv\u00e1-lo via PIX nr. 42.812.084\/0001-08 &#8211; Belat Brasil Ltda* em reais, encaminhe o comprovante para controle: <\/span><b>formacion@bancaeticalat.com<\/b><span style=\"font-weight: 400;\">.\u00a0\u00a0<\/span><\/p>\n<p><span style=\"font-weight: 400;\">*A empresa Belat Brasil Ltda. \u00e9 uma empresa de intermedia\u00e7\u00e3o de neg\u00f3cios que faz parte do grupo econ\u00f4mico da Funda\u00e7\u00e3o Dinheiro e Consci\u00eancia , e apoia o Tour de Joan Mel\u00e9 pela Am\u00e9rica Latina custeando parte das despesas.<\/span><\/p>","protected":false},"featured_media":6869,"template":"","meta":[],"product_brand":[],"product_cat":[27,25],"product_tag":[],"class_list":{"0":"post-9603","1":"product","2":"type-product","3":"status-publish","4":"has-post-thumbnail","6":"product_cat-brasil","7":"product_cat-gira","9":"first","10":"instock","11":"shipping-taxable","12":"purchasable","13":"product-type-simple"},"_links":{"self":[{"href":"https:\/\/giras.belat.com\/pt\/wp-json\/wp\/v2\/product\/9603","targetHints":{"allow":["GET"]}}],"collection":[{"href":"https:\/\/giras.belat.com\/pt\/wp-json\/wp\/v2\/product"}],"about":[{"href":"https:\/\/giras.belat.com\/pt\/wp-json\/wp\/v2\/types\/product"}],"version-history":[{"count":0,"href":"https:\/\/giras.belat.com\/pt\/wp-json\/wp\/v2\/product\/9603\/revisions"}],"wp:featuredmedia":[{"embeddable":true,"href":"https:\/\/giras.belat.com\/pt\/wp-json\/wp\/v2\/media\/6869"}],"wp:attachment":[{"href":"https:\/\/giras.belat.com\/pt\/wp-json\/wp\/v2\/media?parent=9603"}],"wp:term":[{"taxonomy":"product_brand","embeddable":true,"href":"https:\/\/giras.belat.com\/pt\/wp-json\/wp\/v2\/product_brand?post=9603"},{"taxonomy":"product_cat","embeddable":true,"href":"https:\/\/giras.belat.com\/pt\/wp-json\/wp\/v2\/product_cat?post=9603"},{"taxonomy":"product_tag","embeddable":true,"href":"https:\/\/giras.belat.com\/pt\/wp-json\/wp\/v2\/product_tag?post=9603"}],"curies":[{"name":"wp","href":"https:\/\/api.w.org\/{rel}","templated":true}]}}