{"id":9775,"date":"2022-04-08T14:12:10","date_gmt":"2022-04-08T18:12:10","guid":{"rendered":"https:\/\/giras.bancaeticalat.com\/?post_type=product&#038;p=9775"},"modified":"2022-04-08T14:16:11","modified_gmt":"2022-04-08T18:16:11","slug":"taller-dinero-y-conciencia-hacia-una-renovacion-social-global","status":"publish","type":"product","link":"https:\/\/giras.belat.com\/pt\/curso\/taller-dinero-y-conciencia-hacia-una-renovacion-social-global\/","title":{"rendered":"Taller Dinero y Conciencia: Hacia una renovaci\u00f3n social &#8211; Global"},"content":{"rendered":"","protected":false},"excerpt":{"rendered":"<p><span style=\"font-weight: 400;\">Para finalizar tu inscripci\u00f3n en el taller de fin de semana con Joan Mel\u00e9, te solicitamos hacer un pago de 60 USD ($12,000 AR), el que ser\u00e1 recibido por la Fundaci\u00f3n Dinero y Conciencia, encargada de promover la Banca \u00c9tica Latinoamericana. <\/span><\/p>\n<p><span style=\"font-weight: 400;\">Hemos dispuesto de un precio con descuento de 37,5 USD ($7,500 AR) para quienes no puedan pagar el monto total del ticket.<\/span><\/p>\n<p><span style=\"font-weight: 400;\">Para hacer efectivo el pago utilizaremos la plataforma PayPal, que permite utilizar tarjetas de d\u00e9bito y cr\u00e9dito locales.<\/span><\/p>","protected":false},"featured_media":6869,"template":"","meta":[],"product_brand":[],"product_cat":[25],"product_tag":[],"class_list":{"0":"post-9775","1":"product","2":"type-product","3":"status-publish","4":"has-post-thumbnail","6":"product_cat-gira","8":"first","9":"instock","10":"shipping-taxable","11":"purchasable","12":"product-type-simple"},"_links":{"self":[{"href":"https:\/\/giras.belat.com\/pt\/wp-json\/wp\/v2\/product\/9775","targetHints":{"allow":["GET"]}}],"collection":[{"href":"https:\/\/giras.belat.com\/pt\/wp-json\/wp\/v2\/product"}],"about":[{"href":"https:\/\/giras.belat.com\/pt\/wp-json\/wp\/v2\/types\/product"}],"version-history":[{"count":0,"href":"https:\/\/giras.belat.com\/pt\/wp-json\/wp\/v2\/product\/9775\/revisions"}],"wp:featuredmedia":[{"embeddable":true,"href":"https:\/\/giras.belat.com\/pt\/wp-json\/wp\/v2\/media\/6869"}],"wp:attachment":[{"href":"https:\/\/giras.belat.com\/pt\/wp-json\/wp\/v2\/media?parent=9775"}],"wp:term":[{"taxonomy":"product_brand","embeddable":true,"href":"https:\/\/giras.belat.com\/pt\/wp-json\/wp\/v2\/product_brand?post=9775"},{"taxonomy":"product_cat","embeddable":true,"href":"https:\/\/giras.belat.com\/pt\/wp-json\/wp\/v2\/product_cat?post=9775"},{"taxonomy":"product_tag","embeddable":true,"href":"https:\/\/giras.belat.com\/pt\/wp-json\/wp\/v2\/product_tag?post=9775"}],"curies":[{"name":"wp","href":"https:\/\/api.w.org\/{rel}","templated":true}]}}